{"id":228,"date":"2013-05-19T21:44:40","date_gmt":"2013-05-19T21:44:40","guid":{"rendered":"http:\/\/miniaturas.jiap.com.br\/wp\/?page_id=228"},"modified":"2013-05-29T00:43:06","modified_gmt":"2013-05-29T00:43:06","slug":"faca-voce-mesmo","status":"publish","type":"page","link":"https:\/\/miniaturas.jiap.com.br\/wp\/faca-voce-mesmo\/","title":{"rendered":"Fa\u00e7a voc\u00ea mesmo"},"content":{"rendered":"<p><strong>Projetos DIY<\/strong><\/p>\n<p><a title=\"Barril Heineken\" href=\"https:\/\/miniaturas.jiap.com.br\/wp\/?page_id=274\">Barril Heineken<\/a><br \/>\nUm som port\u00e1til em um barril da Heineken<br \/>\n<a class=\"shutterset_\" title=\"Barril Heineken\" href=\"https:\/\/miniaturas.jiap.com.br\/wp\/?page_id=274\"><img data-recalc-dims=\"1\" decoding=\"async\" class=\"ngg-singlepic ngg-none\" alt=\"finalizado_lateral\" src=\"https:\/\/i0.wp.com\/miniaturas.jiap.com.br\/wp\/wp-content\/gallery\/heineken\/thumbs\/thumbs_finalizado_lateral.jpg?w=654&#038;ssl=1\" \/><\/a><\/p>\n<p><a title=\"Gaveteiro MDF\" href=\"https:\/\/miniaturas.jiap.com.br\/wp\/?page_id=230\">Gaveteiro MDF<br \/>\n<\/a>Gaveteiro em MDF, fotos do projeto, corte de pe\u00e7as, montagem e finaliza\u00e7\u00e3o.<a class=\"shutterset_\" title=\"Gaveteiro MDF\" href=\"https:\/\/miniaturas.jiap.com.br\/wp\/?page_id=230\"><br \/>\n<img data-recalc-dims=\"1\" decoding=\"async\" class=\"ngg-singlepic ngg-none\" alt=\"Gaveteiro finalizado\" src=\"https:\/\/i0.wp.com\/miniaturas.jiap.com.br\/wp\/wp-content\/gallery\/gavetas\/thumbs\/thumbs_gavetas1.jpg?w=654&#038;ssl=1\" \/><\/a><\/p>\n","protected":false},"excerpt":{"rendered":"<p>Projetos DIY Barril Heineken Um som port\u00e1til em um barril da Heineken Gaveteiro MDF Gaveteiro em MDF, fotos do projeto, corte de pe\u00e7as, montagem e finaliza\u00e7\u00e3o.<\/p>\n","protected":false},"author":1,"featured_media":0,"parent":0,"menu_order":0,"comment_status":"open","ping_status":"open","template":"","meta":{"ngg_post_thumbnail":0,"jetpack_post_was_ever_published":false,"footnotes":""},"class_list":["post-228","page","type-page","status-publish","hentry"],"jetpack_shortlink":"https:\/\/wp.me\/P4AB0n-3G","jetpack_sharing_enabled":true,"jetpack_likes_enabled":true,"_links":{"self":[{"href":"https:\/\/miniaturas.jiap.com.br\/wp\/wp-json\/wp\/v2\/pages\/228","targetHints":{"allow":["GET"]}}],"collection":[{"href":"https:\/\/miniaturas.jiap.com.br\/wp\/wp-json\/wp\/v2\/pages"}],"about":[{"href":"https:\/\/miniaturas.jiap.com.br\/wp\/wp-json\/wp\/v2\/types\/page"}],"author":[{"embeddable":true,"href":"https:\/\/miniaturas.jiap.com.br\/wp\/wp-json\/wp\/v2\/users\/1"}],"replies":[{"embeddable":true,"href":"https:\/\/miniaturas.jiap.com.br\/wp\/wp-json\/wp\/v2\/comments?post=228"}],"version-history":[{"count":1,"href":"https:\/\/miniaturas.jiap.com.br\/wp\/wp-json\/wp\/v2\/pages\/228\/revisions"}],"predecessor-version":[{"id":1846,"href":"https:\/\/miniaturas.jiap.com.br\/wp\/wp-json\/wp\/v2\/pages\/228\/revisions\/1846"}],"wp:attachment":[{"href":"https:\/\/miniaturas.jiap.com.br\/wp\/wp-json\/wp\/v2\/media?parent=228"}],"curies":[{"name":"wp","href":"https:\/\/api.w.org\/{rel}","templated":true}]}}